{"id":2,"date":"2024-01-12T14:34:11","date_gmt":"2024-01-12T14:34:11","guid":{"rendered":"https:\/\/room-booking.dconline.fr\/?page_id=2"},"modified":"2024-01-12T15:52:24","modified_gmt":"2024-01-12T14:52:24","slug":"sample-page","status":"publish","type":"page","link":"https:\/\/room-booking.dconline.fr\/","title":{"rendered":"R\u00e9servation"},"content":{"rendered":"\t\t<div data-elementor-type=\"wp-page\" data-elementor-id=\"2\" class=\"elementor elementor-2\">\n\t\t\t\t\t\t\t<div class=\"elementor-element elementor-element-4afe81c e-flex e-con-boxed e-con e-parent\" data-id=\"4afe81c\" data-element_type=\"container\" data-settings=\"{&quot;content_width&quot;:&quot;boxed&quot;}\" data-core-v316-plus=\"true\">\n\t\t\t\t\t<div class=\"e-con-inner\">\n\t\t\t\t<div class=\"elementor-element elementor-element-0691999 elementor-widget elementor-widget-image\" data-id=\"0691999\" data-element_type=\"widget\" data-widget_type=\"image.default\">\n\t\t\t\t<div class=\"elementor-widget-container\">\n\t\t\t<style>\/*! elementor - v3.18.0 - 20-12-2023 *\/\n.elementor-widget-image{text-align:center}.elementor-widget-image a{display:inline-block}.elementor-widget-image a img[src$=\".svg\"]{width:48px}.elementor-widget-image img{vertical-align:middle;display:inline-block}<\/style>\t\t\t\t\t\t\t\t\t\t\t\t<img fetchpriority=\"high\" decoding=\"async\" width=\"800\" height=\"800\" src=\"https:\/\/room-booking.dconline.fr\/wp-content\/uploads\/2024\/01\/DALL\u00b7E-2024-01-04-16.17.25-An-elegant-evening-party-room.-The-scene-shows-a-spacious-hall-with-a-high-ceiling-decorated-with-crystal-chandeliers-casting-a-warm-ambient-light.-.png\" class=\"attachment-large size-large wp-image-12\" alt=\"\" srcset=\"https:\/\/room-booking.dconline.fr\/wp-content\/uploads\/2024\/01\/DALL\u00b7E-2024-01-04-16.17.25-An-elegant-evening-party-room.-The-scene-shows-a-spacious-hall-with-a-high-ceiling-decorated-with-crystal-chandeliers-casting-a-warm-ambient-light.-.png 1024w, https:\/\/room-booking.dconline.fr\/wp-content\/uploads\/2024\/01\/DALL\u00b7E-2024-01-04-16.17.25-An-elegant-evening-party-room.-The-scene-shows-a-spacious-hall-with-a-high-ceiling-decorated-with-crystal-chandeliers-casting-a-warm-ambient-light.--300x300.png 300w, https:\/\/room-booking.dconline.fr\/wp-content\/uploads\/2024\/01\/DALL\u00b7E-2024-01-04-16.17.25-An-elegant-evening-party-room.-The-scene-shows-a-spacious-hall-with-a-high-ceiling-decorated-with-crystal-chandeliers-casting-a-warm-ambient-light.--150x150.png 150w, https:\/\/room-booking.dconline.fr\/wp-content\/uploads\/2024\/01\/DALL\u00b7E-2024-01-04-16.17.25-An-elegant-evening-party-room.-The-scene-shows-a-spacious-hall-with-a-high-ceiling-decorated-with-crystal-chandeliers-casting-a-warm-ambient-light.--768x768.png 768w\" sizes=\"(max-width: 800px) 100vw, 800px\" \/>\t\t\t\t\t\t\t\t\t\t\t\t\t\t\t<\/div>\n\t\t\t\t<\/div>\n\t\t\t\t<div class=\"elementor-element elementor-element-b99fd4d elementor-widget elementor-widget-text-editor\" data-id=\"b99fd4d\" data-element_type=\"widget\" data-widget_type=\"text-editor.default\">\n\t\t\t\t<div class=\"elementor-widget-container\">\n\t\t\t<style>\/*! elementor - v3.18.0 - 20-12-2023 *\/\n.elementor-widget-text-editor.elementor-drop-cap-view-stacked .elementor-drop-cap{background-color:#69727d;color:#fff}.elementor-widget-text-editor.elementor-drop-cap-view-framed .elementor-drop-cap{color:#69727d;border:3px solid;background-color:transparent}.elementor-widget-text-editor:not(.elementor-drop-cap-view-default) .elementor-drop-cap{margin-top:8px}.elementor-widget-text-editor:not(.elementor-drop-cap-view-default) .elementor-drop-cap-letter{width:1em;height:1em}.elementor-widget-text-editor .elementor-drop-cap{float:left;text-align:center;line-height:1;font-size:50px}.elementor-widget-text-editor .elementor-drop-cap-letter{display:inline-block}<\/style>\t\t\t\t<h3>Notre salle est super cool !<\/h3>\n<p>Utilisez le formulaire ci-dessous pour r\u00e9server notre salle en fonction des disponibilit\u00e9s.<\/p>\t\t\t\t\t\t<\/div>\n\t\t\t\t<\/div>\n\t\t\t\t\t<\/div>\n\t\t\t\t<\/div>\n\t\t<div class=\"elementor-element elementor-element-e88fd38 e-flex e-con-boxed e-con e-parent\" data-id=\"e88fd38\" data-element_type=\"container\" data-settings=\"{&quot;background_background&quot;:&quot;gradient&quot;,&quot;content_width&quot;:&quot;boxed&quot;}\" data-core-v316-plus=\"true\">\n\t\t\t\t\t<div class=\"e-con-inner\">\n\t\t\t\t<div class=\"elementor-element elementor-element-735504f elementor-widget elementor-widget-DcRoomBookingWidget\" data-id=\"735504f\" data-element_type=\"widget\" data-widget_type=\"DcRoomBookingWidget.default\">\n\t\t\t\t<div class=\"elementor-widget-container\">\n\t\t\t\n<div id=\"dc-room-booking-form-container\">\n  <div class=\"container\">\n    <form id=\"dc-room-booking-form\">\n              <div id=\"dc-room-booking-form-steps-container\"><\/div>\n\n        <section class=\"calendar no-background \">\n          <div id=\"dc-room-booking-calendar\"><\/div>\n          <div id=\"dc-room-booking-time-slots-container\">\n            <div id=\"dc-room-booking-time-slots\" data-calendar-theme=\"dark\">\n              <span id=\"dc-room-booking-slot-message\">S\u00e9lectionnez une date<\/span>\n            <\/div>\n          <\/div>\n        <\/section>\n\n        <section class=\"contact hidden\">\n          <h2>Informations de contact<\/h2>\n          <input name=\"customer-first-name\" id=\"dc-room-booking-first-name\" type=\"text\" placeholder=\"Pr\u00e9nom *\" required>\n          <input name=\"customer-last-name\" id=\"dc-room-booking-last-name\" type=\"text\" placeholder=\"Nom *\" required>\n          <input name=\"customer-email\" id=\"dc-room-booking-email\" type=\"email\" placeholder=\"Email *\" required>\n          <input name=\"customer-phone\" id=\"dc-room-booking-phone\" type=\"text\" placeholder=\"T\u00e9l\u00e9phone *\" required>\n          <textarea name=\"booking-message\" id=\"dc-room-booking-message\" placeholder=\"Message\" maxlength=\"100\"><\/textarea>\n                      <div class=\"terms-container\">\n              <input name=\"booking-terms\" id=\"dc-room-booking-terms\" type=\"checkbox\" value=\"accepted\" required \/>\n              <div class=\"terms-text\"><p>J'accepte la <a href=\"https:\/\/room-booking.dconline.fr\/?page_id=3\" target=\"_blank\" rel=\"noopener\">politique de confidentialit\u00e9<\/a><\/p>\n<\/div>\n            <\/div>\n                  <\/section>\n\n        <section class=\"payment hidden\">\n          <h2>Paiement<\/h2>\n          <div id=\"dc-room-booking-payment-info-message \">\n            <p>Pour valider votre r\u00e9servation, nous vous demandons un acompte de 250 \u20ac.<\/p>\n<p>Une fois le paiement effectu\u00e9, un mail de confirmation ainsi que votre facture vous seront envoy\u00e9s par mail \u00e0 l'adresse saisie pr\u00e9c\u00e9demment.<\/p>\n          <\/div>\n          <input type=\"button\" id=\"dc-room-booking-payment\" class=\"button button-primary \" value=\"Passer au paiement\" \/>\n          <div id=\"dc-room-booking-checkout\"><\/div>\n        <\/section>\n\n        <section class=\"result hidden\">\n          <h2>Confirmation<\/h2>\n          <p>Votre r\u00e9servation est valid\u00e9e, nous vous contacterons dans les prochains jours pour planifier une visite de la salle.<\/p>\n<p>Merci pour votre confiance !<\/p>\n        <\/section>\n\n        <div class=\"elementor-widget-button\">\n          <input type=\"button\" id=\"dc-room-booking-form-prev\" class=\"previous action-button elementor-button\" value=\"Pr\u00e9c\u00e9dent\" \/>\n          <input type=\"button\" id=\"dc-room-booking-form-next\" class=\"next action-button hidden elementor-button\" value=\"Suivant\" \/>\n        <\/div>\n\n                  <\/form>\n  <\/div>\n<\/div>    <script type=\"text\/javascript\">\n      var bookingFormParameters = {\"ajaxurl\":\"https:\\\/\\\/room-booking.dconline.fr\\\/wp-admin\\\/admin-ajax.php\",\"bookingStartDate\":\"2026-05-01\",\"bookingEndDate\":\"2026-07-23\",\"datesDisabled\":[\"2024-01-25:2024-01-30\",\"2024-02-12:2024-02-13\",\"2024-02-26\",\"2026-05-01\",\"2026-05-02\",\"2026-05-03\",\"2026-05-05\",\"2026-05-08\",\"2026-05-09\",\"2026-05-10\",\"2026-05-12\",\"2026-05-15\",\"2026-05-16\",\"2026-05-17\",\"2026-05-19\",\"2026-05-22\",\"2026-05-23\",\"2026-05-24\",\"2026-05-26\",\"2026-05-29\",\"2026-05-30\",\"2026-05-31\",\"2026-06-02\",\"2026-06-05\",\"2026-06-06\",\"2026-06-07\",\"2026-06-09\",\"2026-06-12\",\"2026-06-13\",\"2026-06-14\",\"2026-06-16\",\"2026-06-19\",\"2026-06-20\",\"2026-06-21\",\"2026-06-23\",\"2026-06-26\",\"2026-06-27\",\"2026-06-28\",\"2026-06-30\",\"2026-07-03\",\"2026-07-04\",\"2026-07-05\",\"2026-07-07\",\"2026-07-10\",\"2026-07-11\",\"2026-07-12\",\"2026-07-14\",\"2026-07-17\",\"2026-07-18\",\"2026-07-19\",\"2026-07-21\"],\"datesBooked\":[],\"stripePublicKey\":\"pk_test_9J9SPZp2COGcTgOUcYmjsGvK\",\"paymentStatus\":\"to_do\",\"clientSecret\":null};\n      console.log(bookingFormParameters);\n    <\/script>\n\t\t<\/div>\n\t\t\t\t<\/div>\n\t\t\t\t\t<\/div>\n\t\t\t\t<\/div>\n\t\t<div class=\"elementor-element elementor-element-72a2f5a e-flex e-con-boxed e-con e-parent\" data-id=\"72a2f5a\" data-element_type=\"container\" data-settings=\"{&quot;content_width&quot;:&quot;boxed&quot;}\" data-core-v316-plus=\"true\">\n\t\t\t\t\t<div class=\"e-con-inner\">\n\t\t\t\t<div class=\"elementor-element elementor-element-b262d8d elementor-widget elementor-widget-text-editor\" data-id=\"b262d8d\" data-element_type=\"widget\" data-widget_type=\"text-editor.default\">\n\t\t\t\t<div class=\"elementor-widget-container\">\n\t\t\t\t\t\t\t<p>Lorem ipsum dolor sit amet, consectetur adipiscing elit. Ut elit tellus, luctus nec ullamcorper mattis, pulvinar dapibus leo.<\/p>\t\t\t\t\t\t<\/div>\n\t\t\t\t<\/div>\n\t\t\t\t\t<\/div>\n\t\t\t\t<\/div>\n\t\t\t\t\t\t\t<\/div>\n\t\t","protected":false},"excerpt":{"rendered":"<p>Notre salle est super cool ! Utilisez le formulaire ci-dessous pour r\u00e9server notre salle en fonction des disponibilit\u00e9s. Les r\u00e9servations sont actuellement ferm\u00e9es. Merci de revenir plus tard Lorem ipsum dolor sit amet, consectetur adipiscing elit. Ut elit tellus, luctus nec ullamcorper mattis, pulvinar dapibus leo.<\/p>\n","protected":false},"author":1,"featured_media":0,"parent":0,"menu_order":0,"comment_status":"closed","ping_status":"open","template":"elementor_header_footer","meta":{"footnotes":""},"class_list":["post-2","page","type-page","status-publish","hentry"],"_links":{"self":[{"href":"https:\/\/room-booking.dconline.fr\/index.php?rest_route=\/wp\/v2\/pages\/2","targetHints":{"allow":["GET"]}}],"collection":[{"href":"https:\/\/room-booking.dconline.fr\/index.php?rest_route=\/wp\/v2\/pages"}],"about":[{"href":"https:\/\/room-booking.dconline.fr\/index.php?rest_route=\/wp\/v2\/types\/page"}],"author":[{"embeddable":true,"href":"https:\/\/room-booking.dconline.fr\/index.php?rest_route=\/wp\/v2\/users\/1"}],"replies":[{"embeddable":true,"href":"https:\/\/room-booking.dconline.fr\/index.php?rest_route=%2Fwp%2Fv2%2Fcomments&post=2"}],"version-history":[{"count":4,"href":"https:\/\/room-booking.dconline.fr\/index.php?rest_route=\/wp\/v2\/pages\/2\/revisions"}],"predecessor-version":[{"id":16,"href":"https:\/\/room-booking.dconline.fr\/index.php?rest_route=\/wp\/v2\/pages\/2\/revisions\/16"}],"wp:attachment":[{"href":"https:\/\/room-booking.dconline.fr\/index.php?rest_route=%2Fwp%2Fv2%2Fmedia&parent=2"}],"curies":[{"name":"wp","href":"https:\/\/api.w.org\/{rel}","templated":true}]}}